{"id":568,"date":"2020-06-27T20:23:04","date_gmt":"2020-06-27T20:23:04","guid":{"rendered":"https:\/\/haitises.com\/?post_type=product&#038;p=568"},"modified":"2024-04-16T21:12:55","modified_gmt":"2024-04-16T21:12:55","slug":"excursion-cascada-el-limon-y-almuerzo-en-playa-de-las-terrenas","status":"publish","type":"product","link":"https:\/\/dominikanskarepublikadovolena.cz\/cs\/private\/excursion-cascada-el-limon-y-almuerzo-en-playa-de-las-terrenas\/","title":{"rendered":"V\u00fdlet k vodop\u00e1du El Limon a ob\u011bd na pl\u00e1\u017ei Las Terrenas"},"content":{"rendered":"<div class=\"vc_row wpb_row vc_row-fluid\" ><div class=\"wpb_column vc_column_container vc_col-sm-12\"><div class=\"vc_column-inner\"><div class=\"wpb_wrapper\">[mkdf_section_title subtitle_tag=\u00bb\u00bb subtitle=\u00bbCaballos + Cascadas + Playa\u00bb]<\/div><\/div><\/div><\/div><div class=\"vc_row wpb_row vc_row-fluid\" ><div class=\"wpb_column vc_column_container vc_col-sm-12\"><div class=\"vc_column-inner\"><div class=\"wpb_wrapper\">\n\t<div class=\"wpb_text_column wpb_content_element\" >\n\t\t<div class=\"wpb_wrapper\">\n\t\t\t<h2>Cascadas El Lim\u00f3n + Las Terrenas con almuerzo en la playa<\/h2>\n<h3>Popis<\/h3>\n<p>Este es un tour privado a la Cascada El Lim\u00f3n con paseos a caballo o senderismo. Visitando el bosque de cacao y caf\u00e9 bajo el cultivo de cocos. Cuando llegue a las cascadas, podr\u00e1 nadar y establecer la hora con su gu\u00eda local. Despu\u00e9s de disfrutar de un almuerzo t\u00edpico en la playa de Las Terrenas.<\/p>\n<p>Aprenda con los lugare\u00f1os y disfrute de un viaje seguro. Obtenga sus entradas en oferta hoy.<\/p>\n<ul>\n<li>Incluye almuerzo en la playa<\/li>\n<li>Caballos o senderismo<\/li>\n<li>El gu\u00eda proporciona instrucciones y supervisi\u00f3n.<\/li>\n<li>Poplatky do n\u00e1rodn\u00edho parku<\/li>\n<\/ul>\n<h3>Zahrnut\u00ed a vylou\u010den\u00ed<\/h3>\n<h4>Inkluze<\/h4>\n<ol>\n<li>Ob\u011bd formou bufetu na pl\u00e1\u017ei.<\/li>\n<li>V\u00fdlet p\u011b\u0161ky nebo na koni<\/li>\n<li>V\u0161echny dan\u011b, poplatky a manipula\u010dn\u00ed poplatky<\/li>\n<li>M\u00edstn\u00ed dan\u011b<\/li>\n<li>N\u00e1poje<\/li>\n<li>V\u0161echny aktivity<\/li>\n<li>M\u00edstn\u00ed pr\u016fvodce<\/li>\n<\/ol>\n<h4>V\u00fdjimky<\/h4>\n<ol>\n<li>Skl\u00e1p\u011bn\u00ed<\/li>\n<li>Doprava<\/li>\n<li>Alkoholick\u00e9 n\u00e1poje<\/li>\n<\/ol>\n<h3><em>Odjezd a n\u00e1vrat<\/em><\/h3>\n<p>Cestovatel z\u00edsk\u00e1 m\u00edsto setk\u00e1n\u00ed po procesu rezervace. Prohl\u00eddky za\u010d\u00ednaj\u00ed a kon\u010d\u00ed v m\u00edstech na\u0161eho setk\u00e1n\u00ed.<\/p>\n<h3><em>Co \u010dekat?<\/em><\/h3>\n<p>Obtenga sus boletos para visitar La cascada El Lim\u00f3n en Saman\u00e1, adem\u00e1s de un maravilloso almuerzo y tiempo de playa en la playa de Las Terrenas.<\/p>\n<p>El recorrido organizado por \u00abBooking Adventures\u00bb, comienza en el punto de encuentro establecido con el gu\u00eda tur\u00edstico.<\/p>\n<p>Los mejores viajes privados a las cascadas de El Lim\u00f3n con un gu\u00eda tur\u00edstico local. Reserve un viaje a caballo por el bosque, rodeando el r\u00edo Lim\u00f3n, visitando plantaciones de cacao y caf\u00e9 bajo las palmeras de sombra de coco.<\/p>\n<p>Primero, det\u00e9ngase en la peque\u00f1a cascada donde generalmente no hay mucha gente y puede nadar. Luego continuamos hacia la gran cascada donde nos quedaremos durante una hora o m\u00e1s si lo desea.<\/p>\n<p>Llevar los caballos de vuelta al restaurante donde disfrutaremos de un almuerzo t\u00edpico en la playa. Pescado frito con Tostones y Ensalada o puede obtener otras opciones en el men\u00fa con cargos adicionales.<\/p>\n<p>Despu\u00e9s de la hora de playa nuestro recorrido termina.<\/p>\n<p>Almuerza en la playa y puedes quedarte todo el tiempo que quieras nadando. Se ofrecen Pescado frito y Tostones! Si eres vegano, tambi\u00e9n podemos prepararte algo de comida.<\/p>\n<h3><em>Co byste si m\u011bli vz\u00edt s sebou?<\/em><\/h3>\n<ul>\n<li>Fotoapar\u00e1t<\/li>\n<li>Repelenty<\/li>\n<li>Opalovac\u00ed kr\u00e9m<\/li>\n<li>Klobouk<\/li>\n<li>Pohodln\u00e9 kalhoty<\/li>\n<li>Turistick\u00e1 obuv Forest<\/li>\n<li>Sandalias de playa<\/li>\n<li>Plaveck\u00fd \u00fabor<\/li>\n<\/ul>\n<h3><em>Vyzvednut\u00ed v hotelu<\/em><\/h3>\n<p>U tohoto z\u00e1jezdu nen\u00ed nab\u00edzeno vyzvednut\u00ed v hotelu.<\/p>\n<p><strong>Pozn\u00e1mka:<\/strong> Pokud provedete rezervaci do 24 hodin od \u010dasu odjezdu prohl\u00eddky\/exkurze, m\u016f\u017eeme za p\u0159\u00edplatek zajistit vyzvednut\u00ed v hotelu. Jakmile bude v\u00e1\u0161 n\u00e1kup dokon\u010den, za\u0161leme v\u00e1m kompletn\u00ed kontaktn\u00ed informace (telefonn\u00ed \u010d\u00edslo, e-mailovou adresu atd.) na na\u0161eho m\u00edstn\u00edho pr\u016fvodce, abychom domluvili vyzvednut\u00ed.<\/p>\n<h3><em>Potvrzen\u00ed dal\u0161\u00edch informac\u00ed<\/em><\/h3>\n<ul>\n<li>Vstupenky jsou stvrzenkou po zaplacen\u00ed t\u00e9to prohl\u00eddky. Platbu m\u016f\u017eete uk\u00e1zat na sv\u00e9m telefonu.<\/li>\n<li>M\u00edsto setk\u00e1n\u00ed obdr\u017e\u00edte po proveden\u00ed rezervace.<\/li>\n<li>D\u011bti mus\u00ed b\u00fdt v doprovodu dosp\u011bl\u00e9 osoby.<\/li>\n<li>Nen\u00ed bezbari\u00e9rov\u00fd<\/li>\n<li>D\u011bti by m\u011bly sed\u011bt v d\u011btsk\u00e9 seda\u010dce nebo s dosp\u011bl\u00fdm.<\/li>\n<li>Nedoporu\u010duje se cestuj\u00edc\u00edm s probl\u00e9my se z\u00e1dy.<\/li>\n<li>Nedoporu\u010duje se t\u011bhotn\u00fdm \u017een\u00e1m.<\/li>\n<li>\u017d\u00e1dn\u00e9 probl\u00e9my se srdcem ani jin\u00e9 z\u00e1va\u017en\u00e9 zdravotn\u00ed stavy.<\/li>\n<li>\u00da\u010dastnit se m\u016f\u017ee v\u011bt\u0161ina cestovatel\u016f.<\/li>\n<\/ul>\n<h3><em>Storno podm\u00ednky<\/em><\/h3>\n<p>Chcete-li z\u00edskat plnou n\u00e1hradu, zru\u0161te alespo\u0148 24 hodin p\u0159ed datem zah\u00e1jen\u00ed z\u00e1\u017eitku.<\/p>\n\n\t\t<\/div>\n\t<\/div>\n<\/div><\/div><\/div><\/div><div class=\"vc_row wpb_row vc_row-fluid\" ><div class=\"wpb_column vc_column_container vc_col-sm-12\"><div class=\"vc_column-inner\"><div class=\"wpb_wrapper\"><div class=\"vc_empty_space\"   style=\"height: 32px\"><span class=\"vc_empty_space_inner\"><\/span><\/div><\/div><\/div><\/div><\/div><div class=\"vc_row wpb_row vc_row-fluid\" ><div class=\"wpb_column vc_column_container vc_col-sm-12\"><div class=\"vc_column-inner\"><div class=\"wpb_wrapper\">\n\t<div class=\"wpb_text_column wpb_content_element\" >\n\t\t<div class=\"wpb_wrapper\">\n\t\t\t<h4>Kontaktujte n\u00e1s?<\/h4>\n<h3><em>Kontaktujte n\u00e1s?<\/em><\/h3>\n<p>Rezervace dobrodru\u017estv\u00ed<br \/>\nM\u00edstn\u00ed a n\u00e1rodn\u00ed pr\u016fvodci a slu\u017eby pro hosty<\/p>\n<p>Rezervace: V\u00fdlety a exkurze v Dom. Reps.<\/p>\n<p>\ud83d\udcde Tel\/Whatsapp +1-809-720-6035.<\/p>\n<p>\ud83d\udce9 info@bookingadventures.com.do<\/p>\n<p>Hacemos tours privados de con flexibilidad por Whatsapp: +18097206035.<\/p>\n\n\t\t<\/div>\n\t<\/div>\n<\/div><\/div><\/div><\/div>","protected":false},"excerpt":{"rendered":"<p>Este es un tour privado a las cascadas El Lim\u00f3n con paseos a caballo o senderismo. Visitando el bosque de cacao y caf\u00e9 bajo los cultivos de coco. Cuando llegue a las cascadas, podr\u00e1 nadar y establecer la hora con su gu\u00eda local. Despu\u00e9s de disfrutar de un almuerzo t\u00edpico en la playa de Las Terrenas.<\/p>\n<p>Aprenda con los locales y disfrute de un viaje seguro. Obtenga sus entradas en oferta hoy.<\/p>\n<p><strong>Vyberte si pros\u00edm datum prohl\u00eddky:<\/strong><\/p>","protected":false},"featured_media":226,"template":"","meta":[],"product_brand":[],"product_cat":[97,194,122,443,123,124],"product_tag":[137,138,140,142,143],"class_list":{"0":"post-568","1":"product","2":"type-product","3":"status-publish","4":"has-post-thumbnail","6":"product_cat-horse-riding-to-waterfalls","7":"product_cat-salto-el-limon-samana-dominican-republic","8":"product_cat-tours-and-excursions","9":"product_cat-tours-y-excursiones-es","10":"product_cat-tours-excursions-los-haitises-national-park","11":"product_cat-tours-excursions-samana-bay-dominican-republic","12":"product_tag-bacardi-island","13":"product_tag-beach-time","14":"product_tag-el-limon-waterfalls","15":"product_tag-samana","16":"product_tag-samana-tours","18":"first","19":"instock","20":"sale","21":"sold-individually","22":"shipping-taxable","23":"product-type-external"},"_links":{"self":[{"href":"https:\/\/dominikanskarepublikadovolena.cz\/cs\/wp-json\/wp\/v2\/product\/568","targetHints":{"allow":["GET"]}}],"collection":[{"href":"https:\/\/dominikanskarepublikadovolena.cz\/cs\/wp-json\/wp\/v2\/product"}],"about":[{"href":"https:\/\/dominikanskarepublikadovolena.cz\/cs\/wp-json\/wp\/v2\/types\/product"}],"wp:featuredmedia":[{"embeddable":true,"href":"https:\/\/dominikanskarepublikadovolena.cz\/cs\/wp-json\/wp\/v2\/media\/226"}],"wp:attachment":[{"href":"https:\/\/dominikanskarepublikadovolena.cz\/cs\/wp-json\/wp\/v2\/media?parent=568"}],"wp:term":[{"taxonomy":"product_brand","embeddable":true,"href":"https:\/\/dominikanskarepublikadovolena.cz\/cs\/wp-json\/wp\/v2\/product_brand?post=568"},{"taxonomy":"product_cat","embeddable":true,"href":"https:\/\/dominikanskarepublikadovolena.cz\/cs\/wp-json\/wp\/v2\/product_cat?post=568"},{"taxonomy":"product_tag","embeddable":true,"href":"https:\/\/dominikanskarepublikadovolena.cz\/cs\/wp-json\/wp\/v2\/product_tag?post=568"}],"curies":[{"name":"wp","href":"https:\/\/api.w.org\/{rel}","templated":true}]}}