{"id":607,"date":"2020-07-11T21:05:03","date_gmt":"2020-07-11T21:05:03","guid":{"rendered":"https:\/\/haitises.com\/?post_type=product&#038;p=607"},"modified":"2024-04-16T04:05:26","modified_gmt":"2024-04-16T04:05:26","slug":"excursion-samana-zipline-tirolesa-el-valle-con-almuerzo-en-la-playa","status":"publish","type":"product","link":"https:\/\/dominikanskarepublikadovolena.cz\/nb\/private\/excursion-samana-zipline-tirolesa-el-valle-con-almuerzo-en-la-playa\/","title":{"rendered":"Saman\u00e1 Zipline (Zip Line) El Valle-utflukt med lunsj p\u00e5 stranden"},"content":{"rendered":"<div class=\"vc_row wpb_row vc_row-fluid\" ><div class=\"wpb_column vc_column_container vc_col-sm-12\"><div class=\"vc_column-inner\"><div class=\"wpb_wrapper\">[mkdf_section_title subtitle_tag=\u00bb\u00bb subtitle=\u00bb Aventura de Zip Line\u00bb]<\/div><\/div><\/div><\/div><div class=\"vc_row wpb_row vc_row-fluid\" ><div class=\"wpb_column vc_column_container vc_col-sm-12\"><div class=\"vc_column-inner\"><div class=\"wpb_wrapper\"><div class=\"vc_empty_space\"   style=\"height: 32px\"><span class=\"vc_empty_space_inner\"><\/span><\/div><\/div><\/div><\/div><\/div><div class=\"vc_row wpb_row vc_row-fluid\" ><div class=\"wpb_column vc_column_container vc_col-sm-12\"><div class=\"vc_column-inner\"><div class=\"wpb_wrapper\">\n\t<div class=\"wpb_text_column wpb_content_element\" >\n\t\t<div class=\"wpb_wrapper\">\n\t\t\t<h2>Zip Line (Zip Line) Saman\u00e1, El Valle med lunsj p\u00e5 stranden<\/h2>\n<h3>Beskrivelse<\/h3>\n<p>Zip-linje i Saman\u00e1, El Valle pluss lunsj p\u00e5 stranden. Bli med oss og bes\u00f8k en av de lengste zip-linjene i Karibia. 12 linjer, 13 stasjoner og mer enn 7400 fot kabel. Gj\u00f8r deg opp og f\u00f8lg guidene dine p\u00e5 tolv zipline-plattformer som krysser linjer opp til 1000 fot (304 meter) mens du nyter luftutsikt over landskapet.<\/p>\n<p>Etter denne opplevelsen vil du f\u00e5 strandtid pluss en lokal lunsj p\u00e5 stranden.<\/p>\n<ul>\n<li>Inkluderer lunsjbuff\u00e9 p\u00e5 stranden.<\/li>\n<li>Zipline i regnskogen og f\u00e5 utsikt over landskapet<\/li>\n<li>Veilederen gir instruksjon og veiledning.<\/li>\n<\/ul>\n<h3>Inkluderinger og ekskluderinger<\/h3>\n<h4>Inkluderinger<\/h4>\n<ol>\n<li>Buffet lunsj p\u00e5 stranden.<\/li>\n<li>Zipline-tur<\/li>\n<li>Kaffe og kakaoskog<\/li>\n<li>Alle skatter, avgifter og avgifter<\/li>\n<li>Lokale skatter<\/li>\n<li>Drikkevarer<\/li>\n<li>Alle aktivitetene<\/li>\n<li>Lokal guide<\/li>\n<\/ol>\n<h3>Ekskluderinger<\/h3>\n<ol>\n<li>Tips<\/li>\n<li>Overf\u00f8re<\/li>\n<li>Alkoholholdige drikker<\/li>\n<\/ol>\n<h3><em>Avreise og retur<\/em><\/h3>\n<p>Den reisende vil f\u00e5 et m\u00f8tepunkt etter bestillingsprosessen. Turer begynner og slutter ved m\u00f8testedene v\u00e5re.<\/p>\n<h3><em>Hva \u00e5 forvente?<\/em><\/h3>\n<p>Skaff deg billetter for \u00e5 bes\u00f8ke El Valle Zipline i Saman\u00e1, pluss en herlig lunsj og strandtid p\u00e5 El Valle Beach.<\/p>\n<p>Etter \u00e5 ha anskaffet alle typer utstyr som kreves for din sikkerhet (sele, hjelmer, etc.), vil handlingen begynne, og g\u00e5 litt gjennom den fuktige kokos- og kakaoskogen i Saman\u00e1.<\/p>\n<p>El recorrido, organizado por \u00abBooking Adventures\u00bb comienza en el punto de encuentro establecido con el gu\u00eda tur\u00edstico. Con una caba\u00f1a de la zona, donde reciben a los invitados con una degustaci\u00f3n de chocolate y caf\u00e9 org\u00e1nico y un trago de Mamajuana tambi\u00e9n. La emoci\u00f3n comienza en el momento en que los gu\u00edas de Zip-Line comienzan a colocar todo el equipo regulador en cada Zipliner y explican paso a paso qu\u00e9 hacer en la Zip Line. Se requerir\u00e1 el uso de cascos de seguridad con arn\u00e9s doble &#8230; la adrenalina comienza a surtir efecto, suda e incluso se arrepiente para ver la distancia del primer salto. Espere y participe en la \u00abl\u00ednea de seguridad\u00bb en el cable de acero, as\u00ed que es hora de liberar su cuerpo, experimentar la sensaci\u00f3n de volar, volar de plataforma en plataforma y disfrutar del aire con una vista privilegiada de las monta\u00f1as exuberantes, antiguas y tropicales. .<\/p>\n<p>Bestillingseventyr, Zip-Line el Valle best\u00e5r av 12 plattformer forbundet med tre st\u00e5lkabler for totalt 7400 fot kabler, som st\u00f8tter 13 tusen pund hver, der eventyrere sklir fra den f\u00f8rste b\u00e5tinspirerte plattformpiraten og en avstand p\u00e5 1000 fot fra den andre plattformen, i en h\u00f8yde p\u00e5 mer enn 400 fot. Piruett, skrik av spenning eller bare distraher \u00f8ynene dine i en 360 graders vinkel, og oppdag den frodigste tropiske skogen som vokser i hjertet av fjellene.<\/p>\n<p>Kj\u00f8r kablene for mange stasjoner og ende opp ved El Valle-stranden. Denne stranden er en av de vakreste i Saman\u00e1, og det er vanligvis ikke mange som bes\u00f8ker omr\u00e5det rundt.<\/p>\n<p>Spis lunsj p\u00e5 stranden og du kan bli s\u00e5 lenge du vil bade. Stekt fisk og Tostones tilbys! Hvis du er veganer, kan vi ogs\u00e5 lage mat til deg.<\/p>\n<h3><em>Hva b\u00f8r du ta med?<\/em><\/h3>\n<ul>\n<li>Kamera<\/li>\n<li>Avst\u00f8tende midler<\/li>\n<li>solkrem<\/li>\n<li>Hatt<\/li>\n<li>Komfortable bukser<\/li>\n<li>Skog tursko<\/li>\n<li>Sandaler til stranden<\/li>\n<li>Badedrakt<\/li>\n<\/ul>\n<h3><em>Hotellhenting<\/em><\/h3>\n<p>Hotellhenting tilbys ikke for denne turen.<\/p>\n<p><strong>Merk:<\/strong> Hvis du bestiller innen 24 timer etter turens\/utfluktens avgangstid, kan vi ordne hotellhenting mot ekstra kostnader. N\u00e5r kj\u00f8pet er fullf\u00f8rt, vil vi sende deg fullstendig kontaktinformasjon (telefonnummer, e-postadresse osv.) slik at v\u00e5r lokale reiseguide kan arrangere henting.<\/p>\n<h3><em>Bekreftelse av tilleggsinformasjon<\/em><\/h3>\n<ul>\n<li>Billettene er kvitteringen etter betaling for denne turen. Du kan vise betalingen p\u00e5 telefonen.<\/li>\n<li>M\u00f8tepunktet vil bli mottatt etter reservasjonsprosessen.<\/li>\n<li>Barn m\u00e5 v\u00e6re i f\u00f8lge med en voksen.<\/li>\n<li>Deltakere m\u00e5 veie minst 45 pounds.<\/li>\n<li>Ingen maksvekt, men selene skal passe til kroppen din. (st\u00f8rrelse 54 maks midje)<\/li>\n<li>Du kan Zip dobbel, med barn eller med noen spesiell.<\/li>\n<\/ul>\n<p><strong>Merk:<\/strong> Det er en 100 meter lang tur opp en bratt grusbakke for \u00e5 n\u00e5 den f\u00f8rste plattformen.<\/p>\n<ul>\n<li>Ikke tilgjengelig for rullestolbrukere<\/li>\n<li>Spedbarn m\u00e5 sitte sammen med en voksen<\/li>\n<li>Anbefales ikke for reisende med ryggproblemer.<\/li>\n<li>Anbefales ikke for gravide.<\/li>\n<li>Ingen hjerteproblemer eller andre alvorlige medisinske tilstander.<\/li>\n<li>De fleste reisende kan delta.<\/li>\n<\/ul>\n<h3><em>Avbestillingsregler<\/em><\/h3>\n<p>For full refusjon m\u00e5 du avbestille minst 24 timer f\u00f8r aktivitetens startdato.<\/p>\n\n\t\t<\/div>\n\t<\/div>\n<\/div><\/div><\/div><\/div><div class=\"vc_row wpb_row vc_row-fluid\" ><div class=\"wpb_column vc_column_container vc_col-sm-12\"><div class=\"vc_column-inner\"><div class=\"wpb_wrapper\">\n\t<div class=\"wpb_text_column wpb_content_element\" >\n\t\t<div class=\"wpb_wrapper\">\n\t\t\t<h4>Kontakt oss!<\/h4>\n<h5>eventyrreservat<\/h5>\n<p><em>Turledere <strong>lokale<\/strong> og <strong>nasjonal<\/strong> og gjestetjenester<\/em><\/p>\n<p>Reservasjoner: Turer og utflukter i Dom. Rep.<\/p>\n<p>Tlf\/Whatsapp +1-809-720-6035.<\/p>\n<p>info@bookingadventures.com.do<\/p>\n<p>Vi gj\u00f8r private turer med fleksibel konfigurasjon av Whatsapp:<strong>\u00a0<a href=\"tel: 18097206035\">+18097206035.<\/a><\/strong><\/p>\n\n\t\t<\/div>\n\t<\/div>\n<div class=\"vc_empty_space\"   style=\"height: 32px\"><span class=\"vc_empty_space_inner\"><\/span><\/div><\/div><\/div><\/div><\/div>","protected":false},"excerpt":{"rendered":"<p>Zip-linje i Saman\u00e1, El Valle pluss lunsj p\u00e5 stranden. Bli med oss og bes\u00f8k en av de lengste zip-linjene i Karibien, 12 linjer, 13 stasjoner og mer enn 7400 fot med kabel!<\/p>\n<p>Etter denne opplevelsen vil du f\u00e5 strandtid pluss en lokal lunsj p\u00e5 stranden.<\/p>\n<p><em><strong>Vennligst velg dato for turen:<\/strong><\/em><\/p>","protected":false},"featured_media":132,"template":"","meta":[],"product_brand":[],"product_cat":[96,135,122,443,123,124],"product_tag":[138,157,158,142,147,148,143,159,160,161],"class_list":{"0":"post-607","1":"product","2":"type-product","3":"status-publish","4":"has-post-thumbnail","6":"product_cat-hiking","7":"product_cat-lunch","8":"product_cat-tours-and-excursions","9":"product_cat-tours-y-excursiones-es","10":"product_cat-tours-excursions-los-haitises-national-park","11":"product_cat-tours-excursions-samana-bay-dominican-republic","12":"product_tag-beach-time","13":"product_tag-el-valle-beach","14":"product_tag-playa-el-valle","15":"product_tag-samana","16":"product_tag-samana-bay","17":"product_tag-samana-excursions","18":"product_tag-samana-tours","19":"product_tag-tours-dominican-republic","20":"product_tag-zip-line","21":"product_tag-zip-line-samana","23":"first","24":"instock","25":"sale","26":"sold-individually","27":"shipping-taxable","28":"product-type-external"},"_links":{"self":[{"href":"https:\/\/dominikanskarepublikadovolena.cz\/nb\/wp-json\/wp\/v2\/product\/607","targetHints":{"allow":["GET"]}}],"collection":[{"href":"https:\/\/dominikanskarepublikadovolena.cz\/nb\/wp-json\/wp\/v2\/product"}],"about":[{"href":"https:\/\/dominikanskarepublikadovolena.cz\/nb\/wp-json\/wp\/v2\/types\/product"}],"wp:featuredmedia":[{"embeddable":true,"href":"https:\/\/dominikanskarepublikadovolena.cz\/nb\/wp-json\/wp\/v2\/media\/132"}],"wp:attachment":[{"href":"https:\/\/dominikanskarepublikadovolena.cz\/nb\/wp-json\/wp\/v2\/media?parent=607"}],"wp:term":[{"taxonomy":"product_brand","embeddable":true,"href":"https:\/\/dominikanskarepublikadovolena.cz\/nb\/wp-json\/wp\/v2\/product_brand?post=607"},{"taxonomy":"product_cat","embeddable":true,"href":"https:\/\/dominikanskarepublikadovolena.cz\/nb\/wp-json\/wp\/v2\/product_cat?post=607"},{"taxonomy":"product_tag","embeddable":true,"href":"https:\/\/dominikanskarepublikadovolena.cz\/nb\/wp-json\/wp\/v2\/product_tag?post=607"}],"curies":[{"name":"wp","href":"https:\/\/api.w.org\/{rel}","templated":true}]}}